{"id":89,"date":"2022-02-22T12:32:34","date_gmt":"2022-02-22T11:32:34","guid":{"rendered":"https:\/\/188.85.29.117\/?page_id=89"},"modified":"2026-02-11T08:28:24","modified_gmt":"2026-02-11T07:28:24","slug":"who-we-are","status":"publish","type":"page","link":"https:\/\/www.covidgeltest.com\/en\/who-we-are\/","title":{"rendered":"Who are we?"},"content":{"rendered":"<div data-elementor-type=\"wp-page\" data-elementor-id=\"89\" class=\"elementor elementor-89\" data-elementor-post-type=\"page\">\n\t\t\t\t<div class=\"elementor-element elementor-element-74521e8a e-flex e-con-boxed e-con e-parent\" data-id=\"74521e8a\" data-element_type=\"container\" data-e-type=\"container\">\n\t\t\t\t\t<div class=\"e-con-inner\">\n\t\t\t\t<div class=\"elementor-element elementor-element-5f26b51 elementor-widget elementor-widget-heading\" data-id=\"5f26b51\" data-element_type=\"widget\" data-e-type=\"widget\" data-widget_type=\"heading.default\">\n\t\t\t\t<div class=\"elementor-widget-container\">\n\t\t\t\t\t<h2 class=\"elementor-heading-title elementor-size-default\">Who are we?<\/h2>\t\t\t\t<\/div>\n\t\t\t\t<\/div>\n\t\t<div class=\"elementor-element elementor-element-d61edac e-grid e-con-full e-con e-child\" data-id=\"d61edac\" data-element_type=\"container\" data-e-type=\"container\">\n\t\t\t\t<div class=\"elementor-element elementor-element-b8d7f16 elementor-position-top elementor-widget elementor-widget-image-box\" data-id=\"b8d7f16\" data-element_type=\"widget\" data-e-type=\"widget\" data-widget_type=\"image-box.default\">\n\t\t\t\t<div class=\"elementor-widget-container\">\n\t\t\t\t\t<div class=\"elementor-image-box-wrapper\"><figure class=\"elementor-image-box-img\"><a href=\"https:\/\/www.linkedin.com\/in\/youcef-azeli-md-phd-80b75637\/?originalSubdomain=es\" tabindex=\"-1\"><img fetchpriority=\"high\" decoding=\"async\" width=\"500\" height=\"500\" src=\"https:\/\/www.covidgeltest.com\/wp-content\/uploads\/2022\/02\/Youcef-1.png\" class=\"attachment-full size-full wp-image-102\" alt=\"\" style=\"width:100%;height:100%;max-width:500px\" srcset=\"https:\/\/www.covidgeltest.com\/wp-content\/uploads\/2022\/02\/Youcef-1.png 500w, https:\/\/www.covidgeltest.com\/wp-content\/uploads\/2022\/02\/Youcef-1-300x300.png 300w, https:\/\/www.covidgeltest.com\/wp-content\/uploads\/2022\/02\/Youcef-1-150x150.png 150w\" sizes=\"(max-width: 500px) 100vw, 500px\" \/><\/a><\/figure><div class=\"elementor-image-box-content\"><h3 class=\"elementor-image-box-title\"><a href=\"https:\/\/www.linkedin.com\/in\/youcef-azeli-md-phd-80b75637\/?originalSubdomain=es\">Youcef Azeli<\/a><\/h3><p class=\"elementor-image-box-description\">Scientific leader MD, PhD<\/p><\/div><\/div>\t\t\t\t<\/div>\n\t\t\t\t<\/div>\n\t\t\t\t<div class=\"elementor-element elementor-element-de0e39b elementor-position-top elementor-widget elementor-widget-image-box\" data-id=\"de0e39b\" data-element_type=\"widget\" data-e-type=\"widget\" data-widget_type=\"image-box.default\">\n\t\t\t\t<div class=\"elementor-widget-container\">\n\t\t\t\t\t<div class=\"elementor-image-box-wrapper\"><figure class=\"elementor-image-box-img\"><img decoding=\"async\" width=\"500\" height=\"500\" src=\"https:\/\/www.covidgeltest.com\/wp-content\/uploads\/2022\/02\/Alberto-1.png\" class=\"attachment-full size-full wp-image-103\" alt=\"\" style=\"width:100%;height:100%;max-width:500px\" srcset=\"https:\/\/www.covidgeltest.com\/wp-content\/uploads\/2022\/02\/Alberto-1.png 500w, https:\/\/www.covidgeltest.com\/wp-content\/uploads\/2022\/02\/Alberto-1-300x300.png 300w, https:\/\/www.covidgeltest.com\/wp-content\/uploads\/2022\/02\/Alberto-1-150x150.png 150w\" sizes=\"(max-width: 500px) 100vw, 500px\" \/><\/figure><div class=\"elementor-image-box-content\"><h3 class=\"elementor-image-box-title\">Albert Fernandez<\/h3><p class=\"elementor-image-box-description\">Technical advisor PhD<\/p><\/div><\/div>\t\t\t\t<\/div>\n\t\t\t\t<\/div>\n\t\t\t\t<div class=\"elementor-element elementor-element-a6ab3ea elementor-position-top elementor-widget elementor-widget-image-box\" data-id=\"a6ab3ea\" data-element_type=\"widget\" data-e-type=\"widget\" data-widget_type=\"image-box.default\">\n\t\t\t\t<div class=\"elementor-widget-container\">\n\t\t\t\t\t<div class=\"elementor-image-box-wrapper\"><figure class=\"elementor-image-box-img\"><a href=\"https:\/\/www.linkedin.com\/in\/eduard-llobet-34806535\/\" tabindex=\"-1\"><img decoding=\"async\" width=\"500\" height=\"500\" src=\"https:\/\/www.covidgeltest.com\/wp-content\/uploads\/2022\/02\/Eduard-1.png\" class=\"attachment-full size-full wp-image-104\" alt=\"\" style=\"width:100%;height:100%;max-width:500px\" srcset=\"https:\/\/www.covidgeltest.com\/wp-content\/uploads\/2022\/02\/Eduard-1.png 500w, https:\/\/www.covidgeltest.com\/wp-content\/uploads\/2022\/02\/Eduard-1-300x300.png 300w, https:\/\/www.covidgeltest.com\/wp-content\/uploads\/2022\/02\/Eduard-1-150x150.png 150w\" sizes=\"(max-width: 500px) 100vw, 500px\" \/><\/a><\/figure><div class=\"elementor-image-box-content\"><h3 class=\"elementor-image-box-title\"><a href=\"https:\/\/www.linkedin.com\/in\/eduard-llobet-34806535\/\">Eduard Llobet<\/a><\/h3><p class=\"elementor-image-box-description\">Clinical Advisor, Professor PhD<\/p><\/div><\/div>\t\t\t\t<\/div>\n\t\t\t\t<\/div>\n\t\t\t\t<\/div>\n\t\t\t\t<div class=\"elementor-element elementor-element-d6fdc10 elementor-widget elementor-widget-image\" data-id=\"d6fdc10\" data-element_type=\"widget\" data-e-type=\"widget\" data-widget_type=\"image.default\">\n\t\t\t\t<div class=\"elementor-widget-container\">\n\t\t\t\t\t\t\t\t\t\t\t\t\t\t\t<img decoding=\"async\" src=\"https:\/\/www.covidgeltest.com\/wp-content\/uploads\/elementor\/thumbs\/IESElogo-pkvyxkcxa9y2pdwtit5d7z2xznydvl944fgp0yyviy.png\" title=\"IESElogo\" alt=\"IESElogo\" loading=\"lazy\" \/>\t\t\t\t\t\t\t\t\t\t\t\t\t\t\t<\/div>\n\t\t\t\t<\/div>\n\t\t\t\t<div class=\"elementor-element elementor-element-2dddaa8 elementor-widget elementor-widget-text-editor\" data-id=\"2dddaa8\" data-element_type=\"widget\" data-e-type=\"widget\" data-widget_type=\"text-editor.default\">\n\t\t\t\t<div class=\"elementor-widget-container\">\n\t\t\t\t\t\t\t\t\t<p>EMAI- Epidemic Monitoring based on Artificial Inteligence is supported by IESE Business School\u2019s Technology Transfer Group.<\/p>\t\t\t\t\t\t\t\t<\/div>\n\t\t\t\t<\/div>\n\t\t\t\t\t<\/div>\n\t\t\t\t<\/div>\n\t\t\t\t<\/div>","protected":false},"excerpt":{"rendered":"<p>\u00bfQuienes somos? Youcef Azeli L\u00edder cient\u00edfico MD, PhD Albert Fernandez Asesor tecnico PhD Eduard Llobet Asesor Cl\u00ednico PhD, Professor EMAI- Epidemic Monitoring based on Artificial Inteligence is supported by IESE Business School\u2019s Technology Transfer Group.<\/p>","protected":false},"author":1,"featured_media":0,"parent":0,"menu_order":0,"comment_status":"closed","ping_status":"closed","template":"elementor_header_footer","meta":{"footnotes":""},"class_list":["post-89","page","type-page","status-publish","hentry","entry"],"_links":{"self":[{"href":"https:\/\/www.covidgeltest.com\/en\/wp-json\/wp\/v2\/pages\/89","targetHints":{"allow":["GET"]}}],"collection":[{"href":"https:\/\/www.covidgeltest.com\/en\/wp-json\/wp\/v2\/pages"}],"about":[{"href":"https:\/\/www.covidgeltest.com\/en\/wp-json\/wp\/v2\/types\/page"}],"author":[{"embeddable":true,"href":"https:\/\/www.covidgeltest.com\/en\/wp-json\/wp\/v2\/users\/1"}],"replies":[{"embeddable":true,"href":"https:\/\/www.covidgeltest.com\/en\/wp-json\/wp\/v2\/comments?post=89"}],"version-history":[{"count":32,"href":"https:\/\/www.covidgeltest.com\/en\/wp-json\/wp\/v2\/pages\/89\/revisions"}],"predecessor-version":[{"id":511,"href":"https:\/\/www.covidgeltest.com\/en\/wp-json\/wp\/v2\/pages\/89\/revisions\/511"}],"wp:attachment":[{"href":"https:\/\/www.covidgeltest.com\/en\/wp-json\/wp\/v2\/media?parent=89"}],"curies":[{"name":"wp","href":"https:\/\/api.w.org\/{rel}","templated":true}]}}